{"id":4541,"date":"2026-03-06T16:48:45","date_gmt":"2026-03-06T13:48:45","guid":{"rendered":"https:\/\/www.bodrumyachtlife.com\/water-taxi-2\/"},"modified":"2026-03-19T18:22:35","modified_gmt":"2026-03-19T15:22:35","slug":"sea-taxi","status":"publish","type":"page","link":"https:\/\/www.bodrumyachtlife.com\/en\/sea-taxi\/","title":{"rendered":"Sea Taxi"},"content":{"rendered":"\t\t<div data-elementor-type=\"wp-page\" data-elementor-id=\"4541\" class=\"elementor elementor-4541 elementor-4524\" data-elementor-post-type=\"page\">\n\t\t\t\t\t\t<section class=\"elementor-section elementor-top-section elementor-element elementor-element-223f54bc elementor-section-boxed elementor-section-height-default elementor-section-height-default\" data-id=\"223f54bc\" data-element_type=\"section\" data-e-type=\"section\">\n\t\t\t\t\t\t<div class=\"elementor-container elementor-column-gap-default\">\n\t\t\t\t\t<div class=\"elementor-column elementor-col-100 elementor-top-column elementor-element elementor-element-3bc98aa0\" data-id=\"3bc98aa0\" data-element_type=\"column\" data-e-type=\"column\">\n\t\t\t<div class=\"elementor-widget-wrap elementor-element-populated\">\n\t\t\t\t\t\t<section class=\"elementor-section elementor-inner-section elementor-element elementor-element-7a0b46c5 elementor-section-full_width elementor-section-height-default elementor-section-height-default\" data-id=\"7a0b46c5\" data-element_type=\"section\" data-e-type=\"section\">\n\t\t\t\t\t\t<div class=\"elementor-container elementor-column-gap-default\">\n\t\t\t\t\t<div class=\"elementor-column elementor-col-66 elementor-inner-column elementor-element elementor-element-66552e88\" data-id=\"66552e88\" data-element_type=\"column\" data-e-type=\"column\">\n\t\t\t<div class=\"elementor-widget-wrap elementor-element-populated\">\n\t\t\t\t\t\t<div class=\"elementor-element elementor-element-88a663d elementor-widget__width-initial elementor-widget-divider--view-line elementor-widget elementor-widget-divider\" data-id=\"88a663d\" data-element_type=\"widget\" data-e-type=\"widget\" data-widget_type=\"divider.default\">\n\t\t\t\t\t\t\t<div class=\"elementor-divider\">\n\t\t\t<span class=\"elementor-divider-separator\">\n\t\t\t\t\t\t<\/span>\n\t\t<\/div>\n\t\t\t\t\t\t<\/div>\n\t\t\t\t<div class=\"elementor-element elementor-element-7b22162d elementor-widget elementor-widget-heading\" data-id=\"7b22162d\" data-element_type=\"widget\" data-e-type=\"widget\" data-widget_type=\"heading.default\">\n\t\t\t\t\t<h2 class=\"elementor-heading-title elementor-size-default\">Bodrum Sea Taxi Service<\/h2>\t\t\t\t<\/div>\n\t\t\t\t\t<\/div>\n\t\t<\/div>\n\t\t\t\t<div class=\"elementor-column elementor-col-33 elementor-inner-column elementor-element elementor-element-40e175f\" data-id=\"40e175f\" data-element_type=\"column\" data-e-type=\"column\">\n\t\t\t<div class=\"elementor-widget-wrap elementor-element-populated\">\n\t\t\t\t\t\t<div class=\"elementor-element elementor-element-5d1d6683 elementor-align-right elementor-tablet-align-justify elementor-mobile-align-justify elementor-widget elementor-widget-button\" data-id=\"5d1d6683\" data-element_type=\"widget\" data-e-type=\"widget\" data-widget_type=\"button.default\">\n\t\t\t\t\t\t\t\t\t\t<a class=\"elementor-button elementor-button-link elementor-size-sm\" href=\"https:\/\/wa.me\/905337369327?text=Merhaba%2C%20Bodrum%20deniz%20taksi%20hizmeti%20hakk\u0131nda%20bilgi%20almak%20istiyorum.\" rel=\"nofollow noopener\" target=\"_blank\">\n\t\t\t\t\t\t<span class=\"elementor-button-content-wrapper\">\n\t\t\t\t\t\t<span class=\"elementor-button-icon\">\n\t\t\t\t<svg aria-hidden=\"true\" class=\"e-font-icon-svg e-far-calendar-alt\" viewBox=\"0 0 448 512\" xmlns=\"http:\/\/www.w3.org\/2000\/svg\"><path d=\"M148 288h-40c-6.6 0-12-5.4-12-12v-40c0-6.6 5.4-12 12-12h40c6.6 0 12 5.4 12 12v40c0 6.6-5.4 12-12 12zm108-12v-40c0-6.6-5.4-12-12-12h-40c-6.6 0-12 5.4-12 12v40c0 6.6 5.4 12 12 12h40c6.6 0 12-5.4 12-12zm96 0v-40c0-6.6-5.4-12-12-12h-40c-6.6 0-12 5.4-12 12v40c0 6.6 5.4 12 12 12h40c6.6 0 12-5.4 12-12zm-96 96v-40c0-6.6-5.4-12-12-12h-40c-6.6 0-12 5.4-12 12v40c0 6.6 5.4 12 12 12h40c6.6 0 12-5.4 12-12zm-96 0v-40c0-6.6-5.4-12-12-12h-40c-6.6 0-12 5.4-12 12v40c0 6.6 5.4 12 12 12h40c6.6 0 12-5.4 12-12zm192 0v-40c0-6.6-5.4-12-12-12h-40c-6.6 0-12 5.4-12 12v40c0 6.6 5.4 12 12 12h40c6.6 0 12-5.4 12-12zm96-260v352c0 26.5-21.5 48-48 48H48c-26.5 0-48-21.5-48-48V112c0-26.5 21.5-48 48-48h48V12c0-6.6 5.4-12 12-12h40c6.6 0 12 5.4 12 12v52h128V12c0-6.6 5.4-12 12-12h40c6.6 0 12 5.4 12 12v52h48c26.5 0 48 21.5 48 48zm-48 346V160H48v298c0 3.3 2.7 6 6 6h340c3.3 0 6-2.7 6-6z\"><\/path><\/svg>\t\t\t<\/span>\n\t\t\t\t\t\t\t\t\t<span class=\"elementor-button-text\">Book Now<\/span>\n\t\t\t\t\t<\/span>\n\t\t\t\t\t<\/a>\n\t\t\t\t\t\t\t\t<\/div>\n\t\t\t\t\t<\/div>\n\t\t<\/div>\n\t\t\t\t\t<\/div>\n\t\t<\/section>\n\t\t\t\t<section class=\"elementor-section elementor-inner-section elementor-element elementor-element-7f9ecf2e elementor-section-full_width elementor-section-height-default elementor-section-height-default\" data-id=\"7f9ecf2e\" data-element_type=\"section\" data-e-type=\"section\">\n\t\t\t\t\t\t<div class=\"elementor-container elementor-column-gap-no\">\n\t\t\t\t\t<div class=\"elementor-column elementor-col-66 elementor-inner-column elementor-element elementor-element-26d6fa5c\" data-id=\"26d6fa5c\" data-element_type=\"column\" data-e-type=\"column\">\n\t\t\t<div class=\"elementor-widget-wrap elementor-element-populated\">\n\t\t\t\t\t\t<section class=\"elementor-section elementor-inner-section elementor-element elementor-element-4a4a463 elementor-section-boxed elementor-section-height-default elementor-section-height-default\" data-id=\"4a4a463\" data-element_type=\"section\" data-e-type=\"section\">\n\t\t\t\t\t\t<div class=\"elementor-container elementor-column-gap-default\">\n\t\t\t\t\t<div class=\"elementor-column elementor-col-100 elementor-inner-column elementor-element elementor-element-29fb2e34\" data-id=\"29fb2e34\" data-element_type=\"column\" data-e-type=\"column\">\n\t\t\t<div class=\"elementor-widget-wrap elementor-element-populated\">\n\t\t\t\t\t\t<div class=\"elementor-element elementor-element-59899716 elementor-invisible elementor-widget elementor-widget-image\" data-id=\"59899716\" data-element_type=\"widget\" data-e-type=\"widget\" data-settings=\"{&quot;_animation&quot;:&quot;slideInLeft&quot;}\" data-widget_type=\"image.default\">\n\t\t\t\t\t\t\t\t\t\t\t\t\t\t\t\t<a href=\"https:\/\/www.bodrumyachtlife.com\/wp-content\/uploads\/2026\/02\/IMG_2885.jpeg\" data-elementor-open-lightbox=\"yes\" data-elementor-lightbox-title=\"Bodrum Sea Taxi\" data-e-action-hash=\"#elementor-action%3Aaction%3Dlightbox%26settings%3DeyJpZCI6MjcyMSwidXJsIjoiaHR0cHM6XC9cL3d3dy5ib2RydW15YWNodGxpZmUuY29tXC93cC1jb250ZW50XC91cGxvYWRzXC8yMDI2XC8wMlwvSU1HXzI4ODUuanBlZyJ9\">\n\t\t\t\t\t\t\t<img fetchpriority=\"high\" decoding=\"async\" width=\"1696\" height=\"2528\" src=\"https:\/\/www.bodrumyachtlife.com\/wp-content\/uploads\/2026\/02\/IMG_2885.jpeg\" class=\"elementor-animation-grow attachment-full size-full wp-image-2721\" alt=\"Sea Taxi Bodrum\" srcset=\"https:\/\/www.bodrumyachtlife.com\/wp-content\/uploads\/2026\/02\/IMG_2885.jpeg 1696w, https:\/\/www.bodrumyachtlife.com\/wp-content\/uploads\/2026\/02\/IMG_2885-201x300.jpeg 201w, https:\/\/www.bodrumyachtlife.com\/wp-content\/uploads\/2026\/02\/IMG_2885-687x1024.jpeg 687w, https:\/\/www.bodrumyachtlife.com\/wp-content\/uploads\/2026\/02\/IMG_2885-768x1145.jpeg 768w, https:\/\/www.bodrumyachtlife.com\/wp-content\/uploads\/2026\/02\/IMG_2885-1030x1536.jpeg 1030w, https:\/\/www.bodrumyachtlife.com\/wp-content\/uploads\/2026\/02\/IMG_2885-1374x2048.jpeg 1374w\" sizes=\"(max-width: 1696px) 100vw, 1696px\" title=\"\">\t\t\t\t\t\t\t\t<\/a>\n\t\t\t\t\t\t\t\t\t\t\t\t\t\t\t<\/div>\n\t\t\t\t\t<\/div>\n\t\t<\/div>\n\t\t\t\t\t<\/div>\n\t\t<\/section>\n\t\t\t\t\t<\/div>\n\t\t<\/div>\n\t\t\t\t<div class=\"elementor-column elementor-col-33 elementor-inner-column elementor-element elementor-element-5796bd62\" data-id=\"5796bd62\" data-element_type=\"column\" data-e-type=\"column\">\n\t\t\t<div class=\"elementor-widget-wrap elementor-element-populated\">\n\t\t\t\t\t\t<section class=\"elementor-section elementor-inner-section elementor-element elementor-element-7d9feea elementor-section-boxed elementor-section-height-default elementor-section-height-default\" data-id=\"7d9feea\" data-element_type=\"section\" data-e-type=\"section\">\n\t\t\t\t\t\t<div class=\"elementor-container elementor-column-gap-default\">\n\t\t\t\t\t<div class=\"elementor-column elementor-col-100 elementor-inner-column elementor-element elementor-element-562bfcad\" data-id=\"562bfcad\" data-element_type=\"column\" data-e-type=\"column\">\n\t\t\t<div class=\"elementor-widget-wrap elementor-element-populated\">\n\t\t\t\t\t\t<div class=\"elementor-element elementor-element-cc90e71 elementor-invisible elementor-widget elementor-widget-image\" data-id=\"cc90e71\" data-element_type=\"widget\" data-e-type=\"widget\" data-settings=\"{&quot;_animation&quot;:&quot;slideInLeft&quot;}\" data-widget_type=\"image.default\">\n\t\t\t\t\t\t\t\t\t\t\t\t\t\t\t\t<a href=\"https:\/\/www.bodrumyachtlife.com\/wp-content\/uploads\/2026\/03\/IMG_4255.jpeg\" data-elementor-open-lightbox=\"yes\" data-elementor-lightbox-title=\"T\u00fcrkb\u00fck\u00fc Sea Taxi\" data-e-action-hash=\"#elementor-action%3Aaction%3Dlightbox%26settings%3DeyJpZCI6NDU3MCwidXJsIjoiaHR0cHM6XC9cL3d3dy5ib2RydW15YWNodGxpZmUuY29tXC93cC1jb250ZW50XC91cGxvYWRzXC8yMDI2XC8wM1wvSU1HXzQyNTUuanBlZyJ9\">\n\t\t\t\t\t\t\t<img decoding=\"async\" width=\"800\" height=\"447\" src=\"https:\/\/www.bodrumyachtlife.com\/wp-content\/uploads\/2026\/03\/IMG_4255-1024x572.jpeg\" class=\"elementor-animation-grow attachment-large size-large wp-image-4570\" alt=\"Sea Taxi Bodrum\" srcset=\"https:\/\/www.bodrumyachtlife.com\/wp-content\/uploads\/2026\/03\/IMG_4255-1024x572.jpeg 1024w, https:\/\/www.bodrumyachtlife.com\/wp-content\/uploads\/2026\/03\/IMG_4255-300x167.jpeg 300w, https:\/\/www.bodrumyachtlife.com\/wp-content\/uploads\/2026\/03\/IMG_4255-768x429.jpeg 768w, https:\/\/www.bodrumyachtlife.com\/wp-content\/uploads\/2026\/03\/IMG_4255.jpeg 1376w\" sizes=\"(max-width: 800px) 100vw, 800px\" title=\"\">\t\t\t\t\t\t\t\t<\/a>\n\t\t\t\t\t\t\t\t\t\t\t\t\t\t\t<\/div>\n\t\t\t\t\t<\/div>\n\t\t<\/div>\n\t\t\t\t\t<\/div>\n\t\t<\/section>\n\t\t\t\t<section class=\"elementor-section elementor-inner-section elementor-element elementor-element-57b49ef1 elementor-section-boxed elementor-section-height-default elementor-section-height-default\" data-id=\"57b49ef1\" data-element_type=\"section\" data-e-type=\"section\">\n\t\t\t\t\t\t<div class=\"elementor-container elementor-column-gap-default\">\n\t\t\t\t\t<div class=\"elementor-column elementor-col-100 elementor-inner-column elementor-element elementor-element-a0b61e4\" data-id=\"a0b61e4\" data-element_type=\"column\" data-e-type=\"column\">\n\t\t\t<div class=\"elementor-widget-wrap elementor-element-populated\">\n\t\t\t\t\t\t<div class=\"elementor-element elementor-element-61a31a58 elementor-invisible elementor-widget elementor-widget-image\" data-id=\"61a31a58\" data-element_type=\"widget\" data-e-type=\"widget\" data-settings=\"{&quot;_animation&quot;:&quot;slideInLeft&quot;}\" data-widget_type=\"image.default\">\n\t\t\t\t\t\t\t\t\t\t\t\t\t\t\t\t<a href=\"https:\/\/www.bodrumyachtlife.com\/wp-content\/uploads\/2026\/03\/IMG_4256.jpeg\" data-elementor-open-lightbox=\"yes\" data-elementor-lightbox-title=\"Water Taxi Bodrum\" data-e-action-hash=\"#elementor-action%3Aaction%3Dlightbox%26settings%3DeyJpZCI6NDU2NywidXJsIjoiaHR0cHM6XC9cL3d3dy5ib2RydW15YWNodGxpZmUuY29tXC93cC1jb250ZW50XC91cGxvYWRzXC8yMDI2XC8wM1wvSU1HXzQyNTYuanBlZyJ9\">\n\t\t\t\t\t\t\t<img decoding=\"async\" width=\"800\" height=\"500\" src=\"https:\/\/www.bodrumyachtlife.com\/wp-content\/uploads\/2026\/03\/IMG_4256.jpeg\" class=\"elementor-animation-grow attachment-large size-large wp-image-4567\" alt=\"\" srcset=\"https:\/\/www.bodrumyachtlife.com\/wp-content\/uploads\/2026\/03\/IMG_4256.jpeg 1024w, https:\/\/www.bodrumyachtlife.com\/wp-content\/uploads\/2026\/03\/IMG_4256-300x188.jpeg 300w, https:\/\/www.bodrumyachtlife.com\/wp-content\/uploads\/2026\/03\/IMG_4256-768x480.jpeg 768w\" sizes=\"(max-width: 800px) 100vw, 800px\" title=\"\">\t\t\t\t\t\t\t\t<\/a>\n\t\t\t\t\t\t\t\t\t\t\t\t\t\t\t<\/div>\n\t\t\t\t\t<\/div>\n\t\t<\/div>\n\t\t\t\t\t<\/div>\n\t\t<\/section>\n\t\t\t\t\t<\/div>\n\t\t<\/div>\n\t\t\t\t\t<\/div>\n\t\t<\/section>\n\t\t\t\t<section class=\"elementor-section elementor-inner-section elementor-element elementor-element-10927a83 elementor-section-full_width elementor-section-height-default elementor-section-height-default\" data-id=\"10927a83\" data-element_type=\"section\" data-e-type=\"section\">\n\t\t\t\t\t\t<div class=\"elementor-container elementor-column-gap-no\">\n\t\t\t\t\t<div class=\"elementor-column elementor-col-50 elementor-inner-column elementor-element elementor-element-204092af\" data-id=\"204092af\" data-element_type=\"column\" data-e-type=\"column\">\n\t\t\t<div class=\"elementor-widget-wrap elementor-element-populated\">\n\t\t\t\t\t\t<section class=\"elementor-section elementor-inner-section elementor-element elementor-element-2a6d939e elementor-section-boxed elementor-section-height-default elementor-section-height-default\" data-id=\"2a6d939e\" data-element_type=\"section\" data-e-type=\"section\">\n\t\t\t\t\t\t<div class=\"elementor-container elementor-column-gap-default\">\n\t\t\t\t\t<div class=\"elementor-column elementor-col-100 elementor-inner-column elementor-element elementor-element-79968077\" data-id=\"79968077\" data-element_type=\"column\" data-e-type=\"column\">\n\t\t\t<div class=\"elementor-widget-wrap elementor-element-populated\">\n\t\t\t\t\t\t<div class=\"elementor-element elementor-element-2c8c3a3c elementor-invisible elementor-widget elementor-widget-image\" data-id=\"2c8c3a3c\" data-element_type=\"widget\" data-e-type=\"widget\" data-settings=\"{&quot;_animation&quot;:&quot;slideInLeft&quot;}\" data-widget_type=\"image.default\">\n\t\t\t\t\t\t\t\t\t\t\t\t\t\t\t\t<a href=\"https:\/\/www.bodrumyachtlife.com\/wp-content\/uploads\/2026\/03\/IMG_4257-scaled.webp\" data-elementor-open-lightbox=\"yes\" data-elementor-lightbox-title=\"Sea Taxi Bodrum\" data-e-action-hash=\"#elementor-action%3Aaction%3Dlightbox%26settings%3DeyJpZCI6NDU2OCwidXJsIjoiaHR0cHM6XC9cL3d3dy5ib2RydW15YWNodGxpZmUuY29tXC93cC1jb250ZW50XC91cGxvYWRzXC8yMDI2XC8wM1wvSU1HXzQyNTctc2NhbGVkLndlYnAifQ%3D%3D\">\n\t\t\t\t\t\t\t<img loading=\"lazy\" decoding=\"async\" width=\"800\" height=\"534\" src=\"https:\/\/www.bodrumyachtlife.com\/wp-content\/uploads\/2026\/03\/IMG_4257-1024x683.webp\" class=\"elementor-animation-grow attachment-large size-large wp-image-4568\" alt=\"\" srcset=\"https:\/\/www.bodrumyachtlife.com\/wp-content\/uploads\/2026\/03\/IMG_4257-1024x683.webp 1024w, https:\/\/www.bodrumyachtlife.com\/wp-content\/uploads\/2026\/03\/IMG_4257-300x200.webp 300w, https:\/\/www.bodrumyachtlife.com\/wp-content\/uploads\/2026\/03\/IMG_4257-768x512.webp 768w, https:\/\/www.bodrumyachtlife.com\/wp-content\/uploads\/2026\/03\/IMG_4257-1536x1024.webp 1536w, https:\/\/www.bodrumyachtlife.com\/wp-content\/uploads\/2026\/03\/IMG_4257-2048x1365.webp 2048w\" sizes=\"(max-width: 800px) 100vw, 800px\" title=\"\">\t\t\t\t\t\t\t\t<\/a>\n\t\t\t\t\t\t\t\t\t\t\t\t\t\t\t<\/div>\n\t\t\t\t\t<\/div>\n\t\t<\/div>\n\t\t\t\t\t<\/div>\n\t\t<\/section>\n\t\t\t\t\t<\/div>\n\t\t<\/div>\n\t\t\t\t<div class=\"elementor-column elementor-col-50 elementor-inner-column elementor-element elementor-element-12c717a7\" data-id=\"12c717a7\" data-element_type=\"column\" data-e-type=\"column\">\n\t\t\t<div class=\"elementor-widget-wrap elementor-element-populated\">\n\t\t\t\t\t\t<section class=\"elementor-section elementor-inner-section elementor-element elementor-element-5f318d56 elementor-section-boxed elementor-section-height-default elementor-section-height-default\" data-id=\"5f318d56\" data-element_type=\"section\" data-e-type=\"section\">\n\t\t\t\t\t\t<div class=\"elementor-container elementor-column-gap-default\">\n\t\t\t\t\t<div class=\"elementor-column elementor-col-100 elementor-inner-column elementor-element elementor-element-50f337a6\" data-id=\"50f337a6\" data-element_type=\"column\" data-e-type=\"column\">\n\t\t\t<div class=\"elementor-widget-wrap elementor-element-populated\">\n\t\t\t\t\t\t<div class=\"elementor-element elementor-element-3028c06c elementor-invisible elementor-widget elementor-widget-image\" data-id=\"3028c06c\" data-element_type=\"widget\" data-e-type=\"widget\" data-settings=\"{&quot;_animation&quot;:&quot;slideInLeft&quot;}\" data-widget_type=\"image.default\">\n\t\t\t\t\t\t\t\t\t\t\t\t\t\t\t\t<a href=\"https:\/\/www.bodrumyachtlife.com\/wp-content\/uploads\/2026\/03\/IMG_4258.jpeg\" data-elementor-open-lightbox=\"yes\" data-elementor-lightbox-title=\"T\u00fcrkb\u00fck\u00fc Sea Taxi\" data-e-action-hash=\"#elementor-action%3Aaction%3Dlightbox%26settings%3DeyJpZCI6NDU2OSwidXJsIjoiaHR0cHM6XC9cL3d3dy5ib2RydW15YWNodGxpZmUuY29tXC93cC1jb250ZW50XC91cGxvYWRzXC8yMDI2XC8wM1wvSU1HXzQyNTguanBlZyJ9\">\n\t\t\t\t\t\t\t<img loading=\"lazy\" decoding=\"async\" width=\"800\" height=\"800\" src=\"https:\/\/www.bodrumyachtlife.com\/wp-content\/uploads\/2026\/03\/IMG_4258-1024x1024.jpeg\" class=\"elementor-animation-grow attachment-large size-large wp-image-4569\" alt=\"\" srcset=\"https:\/\/www.bodrumyachtlife.com\/wp-content\/uploads\/2026\/03\/IMG_4258-1024x1024.jpeg 1024w, https:\/\/www.bodrumyachtlife.com\/wp-content\/uploads\/2026\/03\/IMG_4258-300x300.jpeg 300w, https:\/\/www.bodrumyachtlife.com\/wp-content\/uploads\/2026\/03\/IMG_4258-150x150.jpeg 150w, https:\/\/www.bodrumyachtlife.com\/wp-content\/uploads\/2026\/03\/IMG_4258-768x768.jpeg 768w, https:\/\/www.bodrumyachtlife.com\/wp-content\/uploads\/2026\/03\/IMG_4258.jpeg 1440w\" sizes=\"(max-width: 800px) 100vw, 800px\" title=\"\">\t\t\t\t\t\t\t\t<\/a>\n\t\t\t\t\t\t\t\t\t\t\t\t\t\t\t<\/div>\n\t\t\t\t\t<\/div>\n\t\t<\/div>\n\t\t\t\t\t<\/div>\n\t\t<\/section>\n\t\t\t\t\t<\/div>\n\t\t<\/div>\n\t\t\t\t\t<\/div>\n\t\t<\/section>\n\t\t\t\t\t<\/div>\n\t\t<\/div>\n\t\t\t\t\t<\/div>\n\t\t<\/section>\n\t\t\t\t<section class=\"elementor-section elementor-top-section elementor-element elementor-element-25778379 elementor-section-boxed elementor-section-height-default elementor-section-height-default\" data-id=\"25778379\" data-element_type=\"section\" data-e-type=\"section\">\n\t\t\t\t\t\t<div class=\"elementor-container elementor-column-gap-no\">\n\t\t\t\t\t<div class=\"elementor-column elementor-col-100 elementor-top-column elementor-element elementor-element-43388d1c\" data-id=\"43388d1c\" data-element_type=\"column\" data-e-type=\"column\">\n\t\t\t<div class=\"elementor-widget-wrap elementor-element-populated\">\n\t\t\t\t\t\t<div class=\"elementor-element elementor-element-3c03ae22 elementor-widget elementor-widget-heading\" data-id=\"3c03ae22\" data-element_type=\"widget\" data-e-type=\"widget\" data-widget_type=\"heading.default\">\n\t\t\t\t\t<h3 class=\"elementor-heading-title elementor-size-default\">Bodrum Sea  Taxi Service<\/h3>\t\t\t\t<\/div>\n\t\t\t\t<div class=\"elementor-element elementor-element-4265d45c elementor-widget__width-initial elementor-widget elementor-widget-text-editor\" data-id=\"4265d45c\" data-element_type=\"widget\" data-e-type=\"widget\" data-widget_type=\"text-editor.default\">\n\t\t\t\t\t\t\t\t\t<h2 style=\"font-size: 22px;\"><span style=\"color: #636363; font-family: var( --e-global-typography-b2ce6af-font-family ), Sans-serif; font-size: var( --e-global-typography-b2ce6af-font-size ); font-style: var( --e-global-typography-b2ce6af-font-style ); text-transform: var( --e-global-typography-b2ce6af-text-transform ); -webkit-text-size-adjust: 100%;\">With Bodrum sea taxi service, you can reach Bodrum&#8217;s unique coves, luxury hotels, and popular destinations quickly, comfortably, and safely. A pleasant journey awaits you, away from the traffic stress of the road, amidst the blue of the sea. <\/span><\/h2><h2 style=\"font-size: 22px;\">Why Should You Choose Bodrum Sea Taxi?<\/h2><p>As Bodrum Yacht Life, we utilize luxurious and comfortable vessels for our sea taxi service. All our vessels undergo regular maintenance, are equipped with safety gear, and are operated by our experienced captains. Our aim is to transport you to your desired destination not only swiftly but also enjoyably.  <\/p><h2 style=\"font-size: 22px;\">Our Service Features<\/h2><p>Features that distinguish our Bodrum sea taxi service from others:<\/p><p><strong>24\/7 Service:<\/strong> Day or night, you can benefit from our sea taxi service whenever you need it. We are always at your side, from early morning airport transfers to late-night return journeys. <\/p><p><strong>Experienced and Licensed Captains:<\/strong> Our captains know the waters of Bodrum like the back of their hand. All our captains are professionally licensed, experienced, and trained in safety. <\/p><p><strong>Luxurious and Comfortable Vessels:<\/strong> The vessels in our fleet undergo regular maintenance and inspections. Your journey will be pleasant with our vessels, which feature comfortable seating areas, sunbathing decks, and essential equipment for your needs. <\/p><p><strong>Personalized Route Planning:<\/strong> In addition to our standard routes, we can plan entirely customized routes for you. Simply contact us for transfers involving multiple stops, cove tour combinations, or special event transfers. <\/p><h2 style=\"font-size: 22px;\">Bodrum Sea Taxi Prices<\/h2><p>Our sea taxi prices vary depending on the route, vessel type, and number of passengers. To get the most up-to-date price information and a personalized offer, please contact us via WhatsApp or phone. We offer special rates for group transfers and regular usage.  <\/p><h2 style=\"font-size: 22px;\">How to Make a Reservation?<\/h2><p>Making a Bodrum sea taxi reservation is very easy. Simply contact us via WhatsApp. You just need to provide the date, time, departure, and arrival points. Our team will quickly offer you the most suitable vessel and route options. We also do our best for last-minute requests.    <\/p><h2 style=\"font-size: 22px;\">Safety and Insurance<\/h2><p>The safety of our passengers is our top priority. All our vessels are covered by mandatory insurance and undergo thorough regular technical maintenance. Life jackets, first aid kits, and communication equipment are standard on every vessel. In cases where weather conditions are unsuitable, we may postpone our trips and offer alternative solutions for the safety of our passengers.   <\/p><p>For a safe and comfortable travel experience in Bodrum&#8217;s crystal-clear waters, choose Bodrum Yacht Life&#8217;s sea taxi service. Call us and enjoy transportation by sea. <\/p>\t\t\t\t\t\t\t\t<\/div>\n\t\t\t\t<div class=\"elementor-element elementor-element-416324d9 elementor-widget elementor-widget-heading\" data-id=\"416324d9\" data-element_type=\"widget\" data-e-type=\"widget\" data-widget_type=\"heading.default\">\n\t\t\t\t\t<h5 class=\"elementor-heading-title elementor-size-default\">Our Popular Routes<\/h5>\t\t\t\t<\/div>\n\t\t\t\t<div class=\"elementor-element elementor-element-63a5849c elementor-widget elementor-widget-text-editor\" data-id=\"63a5849c\" data-element_type=\"widget\" data-e-type=\"widget\" data-widget_type=\"text-editor.default\">\n\t\t\t\t\t\t\t\t\t<p>T\u00fcrkb\u00fck\u00fc \u2192 Mandarin Oriental Bodrum<\/p><p>T\u00fcrkb\u00fck\u00fc \u2192 Scorpios <\/p><p>Yal\u0131kavak \u2192 T\u00fcrkb\u00fck\u00fc<\/p><p>T\u00fcrkb\u00fck\u00fc \u2192 Kaplankaya Six Senses Hotel<\/p><p>Yal\u0131kavak \u2192 Maxx Royal Hotel<\/p><p>Transfers and more. Contact us for your special route requests.  <\/p>\t\t\t\t\t\t\t\t<\/div>\n\t\t\t\t<div class=\"elementor-element elementor-element-3bf0f73a elementor-widget elementor-widget-text-editor\" data-id=\"3bf0f73a\" data-element_type=\"widget\" data-e-type=\"widget\" data-widget_type=\"text-editor.default\">\n\t\t\t\t\t\t\t\t\t<ul><li>Luxurious and comfortable yachts<\/li><li>Experienced, licensed captains<\/li><li>24\/7 service and booking availability<\/li><li>Bespoke route planning<\/li><li>VIP welcome and transfer service<\/li><li>Safe journey<\/li><\/ul>\t\t\t\t\t\t\t\t<\/div>\n\t\t\t\t\t<\/div>\n\t\t<\/div>\n\t\t\t\t\t<\/div>\n\t\t<\/section>\n\t\t\t\t<\/div>\n\t\t","protected":false},"excerpt":{"rendered":"<p>Bodrum Sea Taxi Service Book Now Bodrum Sea Taxi Service With Bodrum sea taxi service, you can reach Bodrum&#8217;s unique coves, luxury hotels, and popular destinations quickly, comfortably, and safely. A pleasant journey awaits you, away from the traffic stress of the road, amidst the blue of the sea. Why Should You Choose Bodrum Sea [&hellip;]<\/p>\n","protected":false},"author":1,"featured_media":0,"parent":0,"menu_order":0,"comment_status":"closed","ping_status":"closed","template":"","meta":{"_acf_changed":false,"footnotes":""},"class_list":["post-4541","page","type-page","status-publish","hentry"],"acf":[],"_links":{"self":[{"href":"https:\/\/www.bodrumyachtlife.com\/en\/wp-json\/wp\/v2\/pages\/4541","targetHints":{"allow":["GET"]}}],"collection":[{"href":"https:\/\/www.bodrumyachtlife.com\/en\/wp-json\/wp\/v2\/pages"}],"about":[{"href":"https:\/\/www.bodrumyachtlife.com\/en\/wp-json\/wp\/v2\/types\/page"}],"author":[{"embeddable":true,"href":"https:\/\/www.bodrumyachtlife.com\/en\/wp-json\/wp\/v2\/users\/1"}],"replies":[{"embeddable":true,"href":"https:\/\/www.bodrumyachtlife.com\/en\/wp-json\/wp\/v2\/comments?post=4541"}],"version-history":[{"count":0,"href":"https:\/\/www.bodrumyachtlife.com\/en\/wp-json\/wp\/v2\/pages\/4541\/revisions"}],"wp:attachment":[{"href":"https:\/\/www.bodrumyachtlife.com\/en\/wp-json\/wp\/v2\/media?parent=4541"}],"curies":[{"name":"wp","href":"https:\/\/api.w.org\/{rel}","templated":true}]}}